{"id":2930,"date":"2018-12-14T13:41:13","date_gmt":"2018-12-14T13:41:13","guid":{"rendered":"https:\/\/k2chemistry.com\/?page_id=2930"},"modified":"2024-02-03T12:24:48","modified_gmt":"2024-02-03T12:24:48","slug":"hydroxypropyl-methyl-cellulose","status":"publish","type":"page","link":"https:\/\/k2chemistry.com\/fr\/hydroxypropyl-methyl-cellulose\/","title":{"rendered":"Hydroxypropyl Methyl Cellulose (HPMC)"},"content":{"rendered":"<section class=\"sayfa-ust vc_custom_1661718761644 vc_section-has-fill\" ><div class=\"container\"><div class=\"vc_row wpb_row vc_row-fluid vc_custom_1544792700612\"><div class=\"wpb_column vc_column_container col-sm-12\"><div class=\"vc_column-inner\"><div class=\"wpb_wrapper\"><div class=\"vc_empty_space\"   style=\"height: 15px\" ><span class=\"vc_empty_space_inner\"><\/span><\/div>\r\n\r\n\t<div class=\"wpb_text_column wpb_content_element\" >\r\n\t\t<div class=\"wpb_wrapper\">\r\n\t\t\t<h1><strong><span style=\"color: #ffffff;\">Hydroxypropyl Methyl Cellulose (HPMC)<\/span><\/strong><\/h1>\n\r\n\t\t<\/div>\r\n\t<\/div>\r\n<\/div><\/div><\/div><\/div><\/div><\/section><section class=\"bg--secondary vc_custom_1587663706104\" ><div class=\"container\"><div class=\"vc_row wpb_row vc_row-fluid\"><div class=\"wpb_column vc_column_container col-sm-12\"><div class=\"vc_column-inner vc_custom_1588491893361\"><div class=\"wpb_wrapper\">\r\n\t<div class=\"wpb_text_column wpb_content_element\" >\r\n\t\t<div class=\"wpb_wrapper\">\r\n\t\t\t<p style=\"text-align: justify;\">Hydroxypropyl methyl cellulose (HPMC) is widely used in construction materials, coatings, synthetic resins, ceramics, medicine, food, textile, agriculture, cosmetics, tobacco and other industries. However, the product differs in every industry that it is used, by its components and content.<\/p>\n<p style=\"text-align: justify;\">The main raw materials of Hydroxypropyl methyl cellulose (HPMC) which do not undergo any chemical reactions and play only a supporting role are refined cotton, methyl chloride, propylene oxide, caustic soda, acid, toluene and other raw materials such as isopropanol.<\/p>\n<p style=\"text-align: justify;\">All of the products presented here are types of Hydroxypropyl methyl cellulose (HPMC) which can be used in Construction Chemicals and the Dye Industry.The majority of users evaluate primarily content and viscosity of Hydroxypropyl. If the hydroxypropyl content is high, then the water-holding performance is usually better.<\/p>\n<p style=\"text-align: justify;\">HPMC joue le r\u00f4le d\u2019\u00e9paississement, de r\u00e9tention d\u2019eau et de construction dans le produit dans lequel il est utilis\u00e9. \u00c9paississement : La cellulose peut \u00eatre \u00e9paissie pour la suspension, maintient la solution propre et peut \u00eatre r\u00e9sistante \u00e0 l\u2019affaissement. R\u00e9tention de l\u2019eau : La charge de mastic est lentement s\u00e9ch\u00e9e, et la cendre auxiliaire subit une r\u00e9action sous l\u2019influence de l\u2019eau de calcium. Construction : La cellulose a un effet lubrifiant qui garantit une bonne maniabilit\u00e9 du mastic.<\/p>\n\r\n\t\t<\/div>\r\n\t<\/div>\r\n<\/div><\/div><\/div><\/div><\/div><div class=\"container\"><div class=\"vc_row wpb_row vc_row-fluid vc_custom_1587655995003\"><div class=\"wpb_column vc_column_container col-sm-4\"><div class=\"vc_column-inner\"><div class=\"wpb_wrapper\">\r\n\t\t\t<div class=\"text-center feature feature-3 boxed boxed--lg boxed--border\">\r\n\t\t\t    <span class=\"h1 h1--large\"><\/span>\r\n\t\t\t    <\/p>\n<h3><span style=\"color: #ed1c24;\"><strong><img fetchpriority=\"high\" decoding=\"async\" class=\"wp-image-3990 size-medium aligncenter\" src=\"https:\/\/k2chemistry.com\/wp-content\/uploads\/2022\/08\/emcell-201-300x223.png\" alt=\"\" width=\"300\" height=\"223\" srcset=\"https:\/\/k2chemistry.com\/wp-content\/uploads\/2022\/08\/emcell-201-300x223.png 300w, https:\/\/k2chemistry.com\/wp-content\/uploads\/2022\/08\/emcell-201-1024x761.png 1024w, https:\/\/k2chemistry.com\/wp-content\/uploads\/2022\/08\/emcell-201-768x571.png 768w, https:\/\/k2chemistry.com\/wp-content\/uploads\/2022\/08\/emcell-201-600x446.png 600w, https:\/\/k2chemistry.com\/wp-content\/uploads\/2022\/08\/emcell-201.png 1200w\" sizes=\"(max-width: 300px) 100vw, 300px\" \/><\/strong><\/span><span style=\"color: #ed1c24;\"><\/span><\/h3>\n<h3><span style=\"color: #ed1c24;\"><strong>Emcell\u00a0 201<\/strong><\/span><\/h3>\n<p style=\"text-align: center;\"><a class=\"btn btn--primary type--uppercase\" href=\"https:\/\/k2chemistry.com\/fr\/hydroxy-propyl-methyl-cellulose\/hpmc-emcell-201\/\" rel=\"noopener noreferrer\">PLUS D'INFORMATIONS<\/a><\/p>\n<p>\r\n\t\t\t<\/div>\r\n\t\t<\/div><\/div><\/div><div class=\"wpb_column vc_column_container col-sm-4\"><div class=\"vc_column-inner\"><div class=\"wpb_wrapper\">\r\n\t\t\t<div class=\"text-center feature feature-3 boxed boxed--lg boxed--border\">\r\n\t\t\t    <span class=\"h1 h1--large\"><\/span>\r\n\t\t\t    <\/p>\n<h3><span style=\"color: #ed1c24;\"><strong><img decoding=\"async\" class=\"wp-image-3995 size-medium aligncenter\" src=\"https:\/\/k2chemistry.com\/wp-content\/uploads\/2022\/08\/emcell-251-300x223.png\" alt=\"\" width=\"300\" height=\"223\" srcset=\"https:\/\/k2chemistry.com\/wp-content\/uploads\/2022\/08\/emcell-251-300x223.png 300w, https:\/\/k2chemistry.com\/wp-content\/uploads\/2022\/08\/emcell-251-1024x761.png 1024w, https:\/\/k2chemistry.com\/wp-content\/uploads\/2022\/08\/emcell-251-768x571.png 768w, https:\/\/k2chemistry.com\/wp-content\/uploads\/2022\/08\/emcell-251-600x446.png 600w, https:\/\/k2chemistry.com\/wp-content\/uploads\/2022\/08\/emcell-251.png 1200w\" sizes=\"(max-width: 300px) 100vw, 300px\" \/><\/strong><\/span><\/h3>\n<h3><span style=\"color: #ed1c24;\"><strong>Emcell 251<\/strong><\/span><\/h3>\n<p style=\"text-align: center;\"><a class=\"btn btn--primary type--uppercase\" href=\"https:\/\/k2chemistry.com\/fr\/hpmc-emcell-251\/\" rel=\"noopener noreferrer\">PLUS D'INFORMATIONS<\/a><\/p>\n<p>\r\n\t\t\t<\/div>\r\n\t\t<\/div><\/div><\/div><div class=\"wpb_column vc_column_container col-sm-4\"><div class=\"vc_column-inner\"><div class=\"wpb_wrapper\">\r\n\t\t\t<div class=\"text-center feature feature-3 boxed boxed--lg boxed--border\">\r\n\t\t\t    <span class=\"h1 h1--large\"><\/span>\r\n\t\t\t    <\/p>\n<h3><span style=\"color: #ed1c24;\"><strong><img decoding=\"async\" class=\"wp-image-4000 size-medium aligncenter\" src=\"https:\/\/k2chemistry.com\/wp-content\/uploads\/2022\/08\/emcell-501-300x223.png\" alt=\"\" width=\"300\" height=\"223\" srcset=\"https:\/\/k2chemistry.com\/wp-content\/uploads\/2022\/08\/emcell-501-300x223.png 300w, https:\/\/k2chemistry.com\/wp-content\/uploads\/2022\/08\/emcell-501-1024x761.png 1024w, https:\/\/k2chemistry.com\/wp-content\/uploads\/2022\/08\/emcell-501-768x571.png 768w, https:\/\/k2chemistry.com\/wp-content\/uploads\/2022\/08\/emcell-501-600x446.png 600w, https:\/\/k2chemistry.com\/wp-content\/uploads\/2022\/08\/emcell-501.png 1200w\" sizes=\"(max-width: 300px) 100vw, 300px\" \/><\/strong><\/span><\/h3>\n<h3><span style=\"color: #ed1c24;\"><strong>Emcell 501<\/strong><\/span><\/h3>\n<p style=\"text-align: center;\"><a class=\"btn btn--primary type--uppercase\" href=\"https:\/\/k2chemistry.com\/fr\/hydroxy-propyl-methyl-cellulose\/hpmc-emcell-501\/\" rel=\"noopener noreferrer\">PLUS D'INFORMATIONS<\/a><\/p>\n<p>\r\n\t\t\t<\/div>\r\n\t\t<\/div><\/div><\/div><\/div><\/div><div class=\"container\"><div class=\"vc_row wpb_row vc_row-fluid vc_custom_1587655995003\"><div class=\"wpb_column vc_column_container col-sm-4\"><div class=\"vc_column-inner\"><div class=\"wpb_wrapper\">\r\n\t\t\t<div class=\"text-center feature feature-3 boxed boxed--lg boxed--border\">\r\n\t\t\t    <span class=\"h1 h1--large\"><\/span>\r\n\t\t\t    <\/p>\n<h3><span style=\"color: #ed1c24;\"><strong><img loading=\"lazy\" decoding=\"async\" class=\"wp-image-4002 size-medium aligncenter\" src=\"https:\/\/k2chemistry.com\/wp-content\/uploads\/2022\/08\/emcell-701-300x223.png\" alt=\"\" width=\"300\" height=\"223\" srcset=\"https:\/\/k2chemistry.com\/wp-content\/uploads\/2022\/08\/emcell-701-300x223.png 300w, https:\/\/k2chemistry.com\/wp-content\/uploads\/2022\/08\/emcell-701-1024x761.png 1024w, https:\/\/k2chemistry.com\/wp-content\/uploads\/2022\/08\/emcell-701-768x571.png 768w, https:\/\/k2chemistry.com\/wp-content\/uploads\/2022\/08\/emcell-701-600x446.png 600w, https:\/\/k2chemistry.com\/wp-content\/uploads\/2022\/08\/emcell-701.png 1200w\" sizes=\"(max-width: 300px) 100vw, 300px\" \/><\/strong><\/span><\/h3>\n<h3><span style=\"color: #ed1c24;\"><strong>Emcell 701<\/strong><\/span><\/h3>\n<p style=\"text-align: center;\"><a class=\"btn btn--primary type--uppercase\" href=\"https:\/\/k2chemistry.com\/fr\/hydroxy-propyl-methyl-cellulose\/hpmc-emcell-701\/\" rel=\"noopener noreferrer\">PLUS D'INFORMATIONS<\/a><\/p>\n<p>\r\n\t\t\t<\/div>\r\n\t\t<\/div><\/div><\/div><div class=\"wpb_column vc_column_container col-sm-4\"><div class=\"vc_column-inner\"><div class=\"wpb_wrapper\">\r\n\t\t\t<div class=\"text-center feature feature-3 boxed boxed--lg boxed--border\">\r\n\t\t\t    <span class=\"h1 h1--large\"><\/span>\r\n\t\t\t    <\/p>\n<h3><span style=\"color: #ed1c24;\"><strong><img loading=\"lazy\" decoding=\"async\" class=\"wp-image-4004 size-medium aligncenter\" src=\"https:\/\/k2chemistry.com\/wp-content\/uploads\/2024\/02\/emcell-801A.webp\" alt=\"\" width=\"300\" height=\"223\" \/><\/strong><\/span><span style=\"color: #ed1c24;\"><\/span><\/h3>\n<h3><span style=\"color: #ed1c24;\"><strong>Emcell\u00a0 801A<\/strong><\/span><\/h3>\n<p style=\"text-align: center;\"><a class=\"btn btn--primary type--uppercase\" href=\"https:\/\/k2chemistry.com\/fr\/hydroxypropyl-methyl-cellulose\/emcell-801a\/\" rel=\"noopener noreferrer\">PLUS D'INFORMATIONS<\/a><\/p>\n<p>\r\n\t\t\t<\/div>\r\n\t\t<\/div><\/div><\/div><div class=\"wpb_column vc_column_container col-sm-4\"><div class=\"vc_column-inner\"><div class=\"wpb_wrapper\">\r\n\t\t\t<div class=\"text-center feature feature-3 boxed boxed--lg boxed--border\">\r\n\t\t\t    <span class=\"h1 h1--large\"><\/span>\r\n\t\t\t    <\/p>\n<h3><span style=\"color: #ed1c24;\"><strong><img loading=\"lazy\" decoding=\"async\" class=\"wp-image-4004 size-medium aligncenter\" src=\"https:\/\/k2chemistry.com\/wp-content\/uploads\/2024\/02\/emcell-900.webp\" alt=\"\" width=\"300\" height=\"223\" \/><\/strong><\/span><span style=\"color: #ed1c24;\"><\/span><\/h3>\n<h3><span style=\"color: #ed1c24;\"><strong>Emcell\u00a0 900<\/strong><\/span><\/h3>\n<p style=\"text-align: center;\"><a class=\"btn btn--primary type--uppercase\" href=\"https:\/\/k2chemistry.com\/fr\/hydroxypropyl-methyl-cellulose\/emcell-900\/\" rel=\"noopener noreferrer\">PLUS D'INFORMATIONS<\/a><\/p>\n<p>\r\n\t\t\t<\/div>\r\n\t\t<\/div><\/div><\/div><\/div><\/div><div class=\"container\"><div class=\"vc_row wpb_row vc_row-fluid vc_custom_1587655995003\"><div class=\"wpb_column vc_column_container col-sm-4\"><div class=\"vc_column-inner\"><div class=\"wpb_wrapper\">\r\n\t\t\t<div class=\"text-center feature feature-3 boxed boxed--lg boxed--border\">\r\n\t\t\t    <span class=\"h1 h1--large\"><\/span>\r\n\t\t\t    <\/p>\n<h3><span style=\"color: #ed1c24;\"><strong><img loading=\"lazy\" decoding=\"async\" class=\"wp-image-4006 size-medium aligncenter\" src=\"https:\/\/k2chemistry.com\/wp-content\/uploads\/2022\/08\/emcell-G27-300x223.png\" alt=\"\" width=\"300\" height=\"223\" srcset=\"https:\/\/k2chemistry.com\/wp-content\/uploads\/2022\/08\/emcell-G27-300x223.png 300w, https:\/\/k2chemistry.com\/wp-content\/uploads\/2022\/08\/emcell-G27-1024x761.png 1024w, https:\/\/k2chemistry.com\/wp-content\/uploads\/2022\/08\/emcell-G27-768x571.png 768w, https:\/\/k2chemistry.com\/wp-content\/uploads\/2022\/08\/emcell-G27-600x446.png 600w, https:\/\/k2chemistry.com\/wp-content\/uploads\/2022\/08\/emcell-G27.png 1200w\" sizes=\"(max-width: 300px) 100vw, 300px\" \/><\/strong><\/span><\/h3>\n<h3><span style=\"color: #ed1c24;\"><strong>Emcell G27<\/strong><\/span><\/h3>\n<p style=\"text-align: center;\"><a class=\"btn btn--primary type--uppercase\" href=\"https:\/\/k2chemistry.com\/fr\/hydroxy-propyl-methyl-cellulose\/hpmc-emcell-g27\/\" rel=\"noopener noreferrer\">PLUS D'INFORMATIONS<\/a><\/p>\n<p>\r\n\t\t\t<\/div>\r\n\t\t<\/div><\/div><\/div><div class=\"wpb_column vc_column_container col-sm-4\"><div class=\"vc_column-inner\"><div class=\"wpb_wrapper\">\r\n\t\t\t<div class=\"text-center feature feature-3 boxed boxed--lg boxed--border\">\r\n\t\t\t    <span class=\"h1 h1--large\"><\/span>\r\n\t\t\t    <\/p>\n<h3><span style=\"color: #ed1c24;\"><strong><img loading=\"lazy\" decoding=\"async\" class=\"wp-image-4008 size-medium aligncenter\" src=\"https:\/\/k2chemistry.com\/wp-content\/uploads\/2022\/08\/emcell-G65-300x223.png\" alt=\"\" width=\"300\" height=\"223\" srcset=\"https:\/\/k2chemistry.com\/wp-content\/uploads\/2022\/08\/emcell-G65-300x223.png 300w, https:\/\/k2chemistry.com\/wp-content\/uploads\/2022\/08\/emcell-G65-1024x761.png 1024w, https:\/\/k2chemistry.com\/wp-content\/uploads\/2022\/08\/emcell-G65-768x571.png 768w, https:\/\/k2chemistry.com\/wp-content\/uploads\/2022\/08\/emcell-G65-600x446.png 600w, https:\/\/k2chemistry.com\/wp-content\/uploads\/2022\/08\/emcell-G65.png 1200w\" sizes=\"(max-width: 300px) 100vw, 300px\" \/><\/strong><\/span><\/h3>\n<h3><span style=\"color: #ed1c24;\"><strong>Emcell G65<\/strong><\/span><\/h3>\n<p style=\"text-align: center;\"><a class=\"btn btn--primary type--uppercase\" href=\"https:\/\/k2chemistry.com\/fr\/hpmc-emcell-g65\/\" rel=\"noopener noreferrer\">PLUS D'INFORMATIONS<\/a><\/p>\n<p>\r\n\t\t\t<\/div>\r\n\t\t<\/div><\/div><\/div><div class=\"wpb_column vc_column_container col-sm-4\"><div class=\"vc_column-inner\"><div class=\"wpb_wrapper\">\r\n\t\t\t<div class=\"text-center feature feature-3 boxed boxed--lg boxed--border\">\r\n\t\t\t    <span class=\"h1 h1--large\"><\/span>\r\n\t\t\t    <\/p>\n<h3><span style=\"color: #ed1c24;\"><strong><img loading=\"lazy\" decoding=\"async\" class=\"wp-image-4010 size-medium aligncenter\" src=\"https:\/\/k2chemistry.com\/wp-content\/uploads\/2022\/08\/emcell-L10-300x223.png\" alt=\"\" width=\"300\" height=\"223\" srcset=\"https:\/\/k2chemistry.com\/wp-content\/uploads\/2022\/08\/emcell-L10-300x223.png 300w, https:\/\/k2chemistry.com\/wp-content\/uploads\/2022\/08\/emcell-L10-1024x761.png 1024w, https:\/\/k2chemistry.com\/wp-content\/uploads\/2022\/08\/emcell-L10-768x571.png 768w, https:\/\/k2chemistry.com\/wp-content\/uploads\/2022\/08\/emcell-L10-600x446.png 600w, https:\/\/k2chemistry.com\/wp-content\/uploads\/2022\/08\/emcell-L10.png 1200w\" sizes=\"(max-width: 300px) 100vw, 300px\" \/><\/strong><\/span><span style=\"color: #ed1c24;\"><\/span><\/h3>\n<h3><span style=\"color: #ed1c24;\"><strong>Emcell\u00a0 L10<\/strong><\/span><\/h3>\n<p style=\"text-align: center;\"><a class=\"btn btn--primary type--uppercase\" href=\"https:\/\/k2chemistry.com\/fr\/hydroxy-propyl-methyl-cellulose\/hpmc-emcell-l10\/\" rel=\"noopener noreferrer\">PLUS D'INFORMATIONS<\/a><\/p>\n<p>\r\n\t\t\t<\/div>\r\n\t\t<\/div><\/div><\/div><\/div><\/div><div class=\"container\"><div class=\"vc_row wpb_row vc_row-fluid\"><div class=\"wpb_column vc_column_container col-sm-12\"><div class=\"vc_column-inner vc_custom_1588491893361\"><div class=\"wpb_wrapper\"><div class=\"vc_empty_space\"   style=\"height: 32px\" ><span class=\"vc_empty_space_inner\"><\/span><\/div>\r\n<\/div><\/div><\/div><\/div><\/div><\/section>","protected":false},"excerpt":{"rendered":"Hydroxypropyl Methyl Cellulose (HPMC) Hydroxypropyl methyl cellulose (HPMC) is widely used in construction materials, coatings, synthetic resins, ceramics, medicine, food, textile, agriculture,...","protected":false},"author":1,"featured_media":0,"parent":0,"menu_order":0,"comment_status":"closed","ping_status":"closed","template":"","meta":{"footnotes":""},"_links":{"self":[{"href":"https:\/\/k2chemistry.com\/fr\/wp-json\/wp\/v2\/pages\/2930"}],"collection":[{"href":"https:\/\/k2chemistry.com\/fr\/wp-json\/wp\/v2\/pages"}],"about":[{"href":"https:\/\/k2chemistry.com\/fr\/wp-json\/wp\/v2\/types\/page"}],"author":[{"embeddable":true,"href":"https:\/\/k2chemistry.com\/fr\/wp-json\/wp\/v2\/users\/1"}],"replies":[{"embeddable":true,"href":"https:\/\/k2chemistry.com\/fr\/wp-json\/wp\/v2\/comments?post=2930"}],"version-history":[{"count":87,"href":"https:\/\/k2chemistry.com\/fr\/wp-json\/wp\/v2\/pages\/2930\/revisions"}],"predecessor-version":[{"id":4612,"href":"https:\/\/k2chemistry.com\/fr\/wp-json\/wp\/v2\/pages\/2930\/revisions\/4612"}],"wp:attachment":[{"href":"https:\/\/k2chemistry.com\/fr\/wp-json\/wp\/v2\/media?parent=2930"}],"curies":[{"name":"wp","href":"https:\/\/api.w.org\/{rel}","templated":true}]}}