{"id":2937,"date":"2018-12-14T13:58:09","date_gmt":"2018-12-14T13:58:09","guid":{"rendered":"https:\/\/k2chemistry.com\/?page_id=2937"},"modified":"2024-02-01T14:03:15","modified_gmt":"2024-02-01T14:03:15","slug":"redispersiable-polymer-powder","status":"publish","type":"page","link":"https:\/\/k2chemistry.com\/fr\/redispersiable-polymer-powder\/","title":{"rendered":"Redispersiable Polymer Powder"},"content":{"rendered":"<section class=\"sayfa-ust vc_custom_1661726347318 vc_section-has-fill\" ><div class=\"container\"><div class=\"vc_row wpb_row vc_row-fluid vc_custom_1544792700612\"><div class=\"wpb_column vc_column_container col-sm-12\"><div class=\"vc_column-inner\"><div class=\"wpb_wrapper\"><div class=\"vc_empty_space\"   style=\"height: 15px\" ><span class=\"vc_empty_space_inner\"><\/span><\/div>\r\n\r\n\t<div class=\"wpb_text_column wpb_content_element\" >\r\n\t\t<div class=\"wpb_wrapper\">\r\n\t\t\t<h1><span style=\"color: #ffffff;\"><strong>Redispersiable Polymer Powder (RPP)<\/strong><\/span><\/h1>\n\r\n\t\t<\/div>\r\n\t<\/div>\r\n<\/div><\/div><\/div><\/div><\/div><\/section><div class=\"container\"><div class=\"vc_row wpb_row vc_row-fluid\"><div class=\"wpb_column vc_column_container col-sm-12\"><div class=\"vc_column-inner\"><div class=\"wpb_wrapper\"><div class=\"vc_empty_space\"   style=\"height: 15px\" ><span class=\"vc_empty_space_inner\"><\/span><\/div>\r\n<\/div><\/div><\/div><\/div><\/div><section class=\"vc_custom_1587665544964 vc_section-has-fill\" ><div class=\"container\"><div class=\"vc_row wpb_row vc_row-fluid\"><div class=\"wpb_column vc_column_container col-sm-12\"><div class=\"vc_column-inner\"><div class=\"wpb_wrapper\">\r\n\t<div class=\"wpb_text_column wpb_content_element  vc_custom_1588495621313\" >\r\n\t\t<div class=\"wpb_wrapper\">\r\n\t\t\t<p style=\"text-align: justify;\">Ils aident le m\u00e9lange homog\u00e8ne des composants du mortier adh\u00e9sif, am\u00e9liorent la performance du mortier adh\u00e9sif, augmentent l\u2019adh\u00e9rence du mortier et ses propri\u00e9t\u00e9s m\u00e9caniques, donnent de l\u2019\u00e9lasticit\u00e9 aux mat\u00e9riaux de construction avec des contraintes thermiques et m\u00e9caniques. Les polym\u00e8res en poudre sont mesur\u00e9s par des essais de traction et de flexion ; leur pr\u00e9sence dans le produit final peut \u00eatre d\u00e9tect\u00e9e pratiquement par l\u2019odeur de vinyle.<\/p>\n\r\n\t\t<\/div>\r\n\t<\/div>\r\n<\/div><\/div><\/div><\/div><\/div><div class=\"container\"><div class=\"vc_row wpb_row vc_row-fluid\"><div class=\"wpb_column vc_column_container col-sm-4\"><div class=\"vc_column-inner\"><div class=\"wpb_wrapper\">\r\n\t\t\t<div class=\"text-center feature feature-3 boxed boxed--lg boxed--border\">\r\n\t\t\t    <span class=\"h1 h1--large\"><\/span>\r\n\t\t\t    <\/p>\n<h3 style=\"text-align: center;\"><span style=\"color: #ed1c24;\"><strong><img fetchpriority=\"high\" decoding=\"async\" class=\"wp-image-4048 size-medium aligncenter\" src=\"https:\/\/k2chemistry.com\/wp-content\/uploads\/2022\/08\/rpp-mt100-300x250.png\" alt=\"\" width=\"300\" height=\"250\" srcset=\"https:\/\/k2chemistry.com\/wp-content\/uploads\/2022\/08\/rpp-mt100-300x250.png 300w, https:\/\/k2chemistry.com\/wp-content\/uploads\/2022\/08\/rpp-mt100-768x641.png 768w, https:\/\/k2chemistry.com\/wp-content\/uploads\/2022\/08\/rpp-mt100-600x500.png 600w, https:\/\/k2chemistry.com\/wp-content\/uploads\/2022\/08\/rpp-mt100.png 1000w\" sizes=\"(max-width: 300px) 100vw, 300px\" \/><\/strong><\/span><span style=\"color: #ed1c24;\"><\/span><\/h3>\n<h3><span style=\"color: #ed1c24;\"><strong>RPP &#8211; MT 100<\/strong><\/span><\/h3>\n<p style=\"text-align: center;\"><a class=\"btn btn--primary type--uppercase\" href=\"https:\/\/k2chemistry.com\/fr\/powder-polymer\/rpp-mt-100\/\" rel=\"noopener noreferrer\">PLUS D'INFORMATIONS<\/a><\/p>\n<p>\r\n\t\t\t<\/div>\r\n\t\t<\/div><\/div><\/div><div class=\"wpb_column vc_column_container col-sm-4\"><div class=\"vc_column-inner\"><div class=\"wpb_wrapper\">\r\n\t\t\t<div class=\"text-center feature feature-3 boxed boxed--lg boxed--border\">\r\n\t\t\t    <span class=\"h1 h1--large\"><\/span>\r\n\t\t\t    <\/p>\n<h3><span style=\"color: #ed1c24;\"><strong><img decoding=\"async\" class=\"wp-image-4050 size-medium aligncenter\" src=\"https:\/\/k2chemistry.com\/wp-content\/uploads\/2022\/08\/rpp-mt151-300x250.png\" alt=\"\" width=\"300\" height=\"250\" srcset=\"https:\/\/k2chemistry.com\/wp-content\/uploads\/2022\/08\/rpp-mt151-300x250.png 300w, https:\/\/k2chemistry.com\/wp-content\/uploads\/2022\/08\/rpp-mt151-768x641.png 768w, https:\/\/k2chemistry.com\/wp-content\/uploads\/2022\/08\/rpp-mt151-600x500.png 600w, https:\/\/k2chemistry.com\/wp-content\/uploads\/2022\/08\/rpp-mt151.png 1000w\" sizes=\"(max-width: 300px) 100vw, 300px\" \/><\/strong><\/span><\/h3>\n<h3><span style=\"color: #ed1c24;\"><strong>RPP &#8211; MT 151<\/strong><\/span><\/h3>\n<p style=\"text-align: center;\"><a class=\"btn btn--primary type--uppercase\" href=\"https:\/\/k2chemistry.com\/fr\/powder-polymer\/rpp-mt-151\/\" rel=\"noopener noreferrer\">PLUS D'INFORMATIONS<\/a><\/p>\n<p>\r\n\t\t\t<\/div>\r\n\t\t<\/div><\/div><\/div><div class=\"wpb_column vc_column_container col-sm-4\"><div class=\"vc_column-inner\"><div class=\"wpb_wrapper\">\r\n\t\t\t<div class=\"text-center feature feature-3 boxed boxed--lg boxed--border\">\r\n\t\t\t    <span class=\"h1 h1--large\"><\/span>\r\n\t\t\t    <\/p>\n<h3><span style=\"color: #ed1c24;\"><strong><img decoding=\"async\" class=\"aligncenter wp-image-4052 size-medium\" src=\"https:\/\/k2chemistry.com\/wp-content\/uploads\/2022\/08\/rpp-mt151e-300x250.png\" alt=\"\" width=\"300\" height=\"250\" srcset=\"https:\/\/k2chemistry.com\/wp-content\/uploads\/2022\/08\/rpp-mt151e-300x250.png 300w, https:\/\/k2chemistry.com\/wp-content\/uploads\/2022\/08\/rpp-mt151e-768x641.png 768w, https:\/\/k2chemistry.com\/wp-content\/uploads\/2022\/08\/rpp-mt151e-600x500.png 600w, https:\/\/k2chemistry.com\/wp-content\/uploads\/2022\/08\/rpp-mt151e.png 1000w\" sizes=\"(max-width: 300px) 100vw, 300px\" \/><\/strong><\/span><\/h3>\n<h3><span style=\"color: #ed1c24;\"><strong>RPP &#8211; MT 151 E<\/strong><\/span><\/h3>\n<p style=\"text-align: center;\"><a class=\"btn btn--primary type--uppercase\" href=\"https:\/\/k2chemistry.com\/fr\/rpp-mt-151-e\/\" rel=\"noopener noreferrer\">PLUS D'INFORMATIONS<\/a><\/p>\n<p>\r\n\t\t\t<\/div>\r\n\t\t<\/div><\/div><\/div><\/div><\/div><div class=\"container\"><div class=\"vc_row wpb_row vc_row-fluid\"><div class=\"wpb_column vc_column_container col-sm-4\"><div class=\"vc_column-inner\"><div class=\"wpb_wrapper\">\r\n\t\t\t<div class=\"text-center feature feature-3 boxed boxed--lg boxed--border\">\r\n\t\t\t    <span class=\"h1 h1--large\"><\/span>\r\n\t\t\t    <\/p>\n<h3 style=\"text-align: center;\"><span style=\"color: #ed1c24;\"><strong><img loading=\"lazy\" decoding=\"async\" class=\"aligncenter wp-image-4054 size-medium\" src=\"https:\/\/k2chemistry.com\/wp-content\/uploads\/2022\/08\/rpp-mt151ec-300x250.png\" alt=\"\" width=\"300\" height=\"250\" srcset=\"https:\/\/k2chemistry.com\/wp-content\/uploads\/2022\/08\/rpp-mt151ec-300x250.png 300w, https:\/\/k2chemistry.com\/wp-content\/uploads\/2022\/08\/rpp-mt151ec-768x641.png 768w, https:\/\/k2chemistry.com\/wp-content\/uploads\/2022\/08\/rpp-mt151ec-600x500.png 600w, https:\/\/k2chemistry.com\/wp-content\/uploads\/2022\/08\/rpp-mt151ec.png 1000w\" sizes=\"(max-width: 300px) 100vw, 300px\" \/><\/strong><\/span><span style=\"color: #ed1c24;\"><\/span><\/h3>\n<h3><span style=\"color: #ed1c24;\"><strong>RPP &#8211; MT 151 EC<\/strong><\/span><\/h3>\n<p style=\"text-align: center;\"><a class=\"btn btn--primary type--uppercase\" href=\"https:\/\/k2chemistry.com\/fr\/rpp-mt-151-ec\/\" rel=\"noopener noreferrer\">PLUS D'INFORMATIONS<\/a><\/p>\n<p>\r\n\t\t\t<\/div>\r\n\t\t<\/div><\/div><\/div><div class=\"wpb_column vc_column_container col-sm-4\"><div class=\"vc_column-inner\"><div class=\"wpb_wrapper\">\r\n\t\t\t<div class=\"text-center feature feature-3 boxed boxed--lg boxed--border\">\r\n\t\t\t    <span class=\"h1 h1--large\"><\/span>\r\n\t\t\t    <\/p>\n<h3><span style=\"color: #ed1c24;\"><strong><img loading=\"lazy\" decoding=\"async\" class=\"aligncenter wp-image-4056 size-medium\" src=\"https:\/\/k2chemistry.com\/wp-content\/uploads\/2022\/08\/rpp-mt151h-300x250.png\" alt=\"\" width=\"300\" height=\"250\" srcset=\"https:\/\/k2chemistry.com\/wp-content\/uploads\/2022\/08\/rpp-mt151h-300x250.png 300w, https:\/\/k2chemistry.com\/wp-content\/uploads\/2022\/08\/rpp-mt151h-768x641.png 768w, https:\/\/k2chemistry.com\/wp-content\/uploads\/2022\/08\/rpp-mt151h-600x500.png 600w, https:\/\/k2chemistry.com\/wp-content\/uploads\/2022\/08\/rpp-mt151h.png 1000w\" sizes=\"(max-width: 300px) 100vw, 300px\" \/><\/strong><\/span><\/h3>\n<h3><span style=\"color: #ed1c24;\"><strong>RPP &#8211; MT 151 H<\/strong><\/span><\/h3>\n<p style=\"text-align: center;\"><a class=\"btn btn--primary type--uppercase\" href=\"https:\/\/k2chemistry.com\/fr\/redispersiable-polymer-powder\/rpp-mt-151-h\/\" rel=\"noopener noreferrer\">PLUS D'INFORMATIONS<\/a><\/p>\n<p>\r\n\t\t\t<\/div>\r\n\t\t<\/div><\/div><\/div><div class=\"wpb_column vc_column_container col-sm-4\"><div class=\"vc_column-inner\"><div class=\"wpb_wrapper\">\r\n\t\t\t<div class=\"text-center feature feature-3 boxed boxed--lg boxed--border\">\r\n\t\t\t    <span class=\"h1 h1--large\"><\/span>\r\n\t\t\t    <\/p>\n<h3><span style=\"color: #ed1c24;\"><strong><img loading=\"lazy\" decoding=\"async\" class=\"wp-image-4058 size-medium aligncenter\" src=\"https:\/\/k2chemistry.com\/wp-content\/uploads\/2022\/08\/rpp-mt500-300x250.png\" alt=\"\" width=\"300\" height=\"250\" srcset=\"https:\/\/k2chemistry.com\/wp-content\/uploads\/2022\/08\/rpp-mt500-300x250.png 300w, https:\/\/k2chemistry.com\/wp-content\/uploads\/2022\/08\/rpp-mt500-768x641.png 768w, https:\/\/k2chemistry.com\/wp-content\/uploads\/2022\/08\/rpp-mt500-600x500.png 600w, https:\/\/k2chemistry.com\/wp-content\/uploads\/2022\/08\/rpp-mt500.png 1000w\" sizes=\"(max-width: 300px) 100vw, 300px\" \/><\/strong><\/span><\/h3>\n<h3><span style=\"color: #ed1c24;\"><strong>RPP &#8211; MT 500<\/strong><\/span><\/h3>\n<p style=\"text-align: center;\"><a class=\"btn btn--primary type--uppercase\" href=\"https:\/\/k2chemistry.com\/fr\/redispersiable-polymer-powder\/rpp-mt-500\/\" rel=\"noopener noreferrer\">PLUS D'INFORMATIONS<\/a><\/p>\n<p>\r\n\t\t\t<\/div>\r\n\t\t<\/div><\/div><\/div><\/div><\/div><div class=\"container\"><div class=\"vc_row wpb_row vc_row-fluid\"><div class=\"wpb_column vc_column_container col-sm-12\"><div class=\"vc_column-inner\"><div class=\"wpb_wrapper\"><div class=\"vc_empty_space\"   style=\"height: 32px\" ><span class=\"vc_empty_space_inner\"><\/span><\/div>\r\n<\/div><\/div><\/div><\/div><\/div><\/section>","protected":false},"excerpt":{"rendered":"Redispersiable Polymer Powder (RPP) They help homogeneous mixing of the components of the adhesive mortar, enhance the performance of the adhesive mortar,...","protected":false},"author":1,"featured_media":0,"parent":0,"menu_order":0,"comment_status":"closed","ping_status":"closed","template":"","meta":{"footnotes":""},"_links":{"self":[{"href":"https:\/\/k2chemistry.com\/fr\/wp-json\/wp\/v2\/pages\/2937"}],"collection":[{"href":"https:\/\/k2chemistry.com\/fr\/wp-json\/wp\/v2\/pages"}],"about":[{"href":"https:\/\/k2chemistry.com\/fr\/wp-json\/wp\/v2\/types\/page"}],"author":[{"embeddable":true,"href":"https:\/\/k2chemistry.com\/fr\/wp-json\/wp\/v2\/users\/1"}],"replies":[{"embeddable":true,"href":"https:\/\/k2chemistry.com\/fr\/wp-json\/wp\/v2\/comments?post=2937"}],"version-history":[{"count":40,"href":"https:\/\/k2chemistry.com\/fr\/wp-json\/wp\/v2\/pages\/2937\/revisions"}],"predecessor-version":[{"id":4536,"href":"https:\/\/k2chemistry.com\/fr\/wp-json\/wp\/v2\/pages\/2937\/revisions\/4536"}],"wp:attachment":[{"href":"https:\/\/k2chemistry.com\/fr\/wp-json\/wp\/v2\/media?parent=2937"}],"curies":[{"name":"wp","href":"https:\/\/api.w.org\/{rel}","templated":true}]}}