{"id":3465,"date":"2020-04-25T10:33:50","date_gmt":"2020-04-25T10:33:50","guid":{"rendered":"https:\/\/k2chemistry.com\/?page_id=3465"},"modified":"2024-02-05T18:40:27","modified_gmt":"2024-02-05T18:40:27","slug":"hydroxyethyl-cellulose","status":"publish","type":"page","link":"https:\/\/k2chemistry.com\/fr\/hydroxyethyl-cellulose\/","title":{"rendered":"Hydroxyethyl Cellulose (HEC)"},"content":{"rendered":"<section class=\"sayfa-ust vc_custom_1661719966864 vc_section-has-fill\" ><div class=\"container\"><div class=\"vc_row wpb_row vc_row-fluid vc_custom_1544792700612\"><div class=\"wpb_column vc_column_container col-sm-12\"><div class=\"vc_column-inner\"><div class=\"wpb_wrapper\"><div class=\"vc_empty_space\"   style=\"height: 15px\" ><span class=\"vc_empty_space_inner\"><\/span><\/div>\r\n\r\n\t<div class=\"wpb_text_column wpb_content_element\" >\r\n\t\t<div class=\"wpb_wrapper\">\r\n\t\t\t<h1><strong><span style=\"color: #ffffff;\">Hydroxyethyl Cellulose (HEC)<\/span><\/strong><\/h1>\n\r\n\t\t<\/div>\r\n\t<\/div>\r\n<\/div><\/div><\/div><\/div><\/div><\/section><section class=\"bg--secondary vc_custom_1587663706104\" ><div class=\"container\"><div class=\"vc_row wpb_row vc_row-fluid\"><div class=\"wpb_column vc_column_container col-sm-12\"><div class=\"vc_column-inner vc_custom_1588492012966\"><div class=\"wpb_wrapper\">\r\n\t<div class=\"wpb_text_column wpb_content_element\" >\r\n\t\t<div class=\"wpb_wrapper\">\r\n\t\t\t<p style=\"text-align: justify;\">L\u2019hydroxy\u00e9thylcellulose (HEC) est un d\u00e9riv\u00e9 de cellulose non ionique qui se dissout dans l\u2019eau froide et chaude. Elle est utilis\u00e9e afin de produire des solutions d\u2019une grande vari\u00e9t\u00e9 de viscosit\u00e9. De telles solutions ont une caract\u00e9ristique typique de fluidit\u00e9 non newtonienne. Ce produit a une combinaison unique d\u2019eau.<\/p>\n<p style=\"text-align: justify;\">Il a d\u2019excellentes fonctions de r\u00e9tention de l\u2019eau, filmog\u00e8ne, de tol\u00e9rance au sel et d\u2019\u00e9paississement dans des applications diff\u00e9rentes. Il a une excellente compatibilit\u00e9 des couleurs et est utilis\u00e9 comme additif id\u00e9al pour les applications de colorants au latex. HEC peut \u00e9galement \u00eatre utilis\u00e9 dans d\u2019autres applications industrielles telles que l\u2019exploitation p\u00e9trolier, la teinture et l\u2019impression de textile, les d\u00e9tergents, les textiles, les liants, les adh\u00e9sifs, etc.<\/p>\n\r\n\t\t<\/div>\r\n\t<\/div>\r\n<\/div><\/div><\/div><\/div><\/div><div class=\"container\"><div class=\"vc_row wpb_row vc_row-fluid vc_custom_1587655995003\"><div class=\"wpb_column vc_column_container col-sm-4\"><div class=\"vc_column-inner\"><div class=\"wpb_wrapper\">\r\n\t\t\t<div class=\"text-center feature feature-3 boxed boxed--lg boxed--border\">\r\n\t\t\t    <span class=\"h1 h1--large\"><\/span>\r\n\t\t\t    <\/p>\n<h3><span style=\"color: #ed1c24;\"><strong><img fetchpriority=\"high\" decoding=\"async\" class=\"wp-image-4017 size-medium aligncenter\" src=\"https:\/\/k2chemistry.com\/wp-content\/uploads\/2022\/08\/emcell-1208-300x223.png\" alt=\"\" width=\"300\" height=\"223\" srcset=\"https:\/\/k2chemistry.com\/wp-content\/uploads\/2022\/08\/emcell-1208-300x223.png 300w, https:\/\/k2chemistry.com\/wp-content\/uploads\/2022\/08\/emcell-1208-1024x761.png 1024w, https:\/\/k2chemistry.com\/wp-content\/uploads\/2022\/08\/emcell-1208-768x571.png 768w, https:\/\/k2chemistry.com\/wp-content\/uploads\/2022\/08\/emcell-1208-600x446.png 600w, https:\/\/k2chemistry.com\/wp-content\/uploads\/2022\/08\/emcell-1208.png 1200w\" sizes=\"(max-width: 300px) 100vw, 300px\" \/><\/strong><\/span><\/h3>\n<h3><span style=\"color: #ed1c24;\"><strong>Emcell 1208<\/strong><\/span><\/h3>\n<p style=\"text-align: center;\"><a class=\"btn btn--primary type--uppercase\" href=\"https:\/\/k2chemistry.com\/fr\/hydroxy-ethyl-cellulose\/emcell-1208\/\" rel=\"noopener noreferrer\">PLUS D'INFORMATIONS<\/a><\/p>\n<p>\r\n\t\t\t<\/div>\r\n\t\t<\/div><\/div><\/div><div class=\"wpb_column vc_column_container col-sm-4\"><div class=\"vc_column-inner\"><div class=\"wpb_wrapper\">\r\n\t\t\t<div class=\"text-center feature feature-3 boxed boxed--lg boxed--border\">\r\n\t\t\t    <span class=\"h1 h1--large\"><\/span>\r\n\t\t\t    <\/p>\n<h3><span style=\"color: #ed1c24;\"><strong><img decoding=\"async\" class=\"wp-image-4019 size-medium aligncenter\" src=\"https:\/\/k2chemistry.com\/wp-content\/uploads\/2022\/08\/emcell-1209-300x223.png\" alt=\"\" width=\"300\" height=\"223\" srcset=\"https:\/\/k2chemistry.com\/wp-content\/uploads\/2022\/08\/emcell-1209-300x223.png 300w, https:\/\/k2chemistry.com\/wp-content\/uploads\/2022\/08\/emcell-1209-1024x761.png 1024w, https:\/\/k2chemistry.com\/wp-content\/uploads\/2022\/08\/emcell-1209-768x571.png 768w, https:\/\/k2chemistry.com\/wp-content\/uploads\/2022\/08\/emcell-1209-600x446.png 600w, https:\/\/k2chemistry.com\/wp-content\/uploads\/2022\/08\/emcell-1209.png 1200w\" sizes=\"(max-width: 300px) 100vw, 300px\" \/><\/strong><\/span><\/h3>\n<h3><span style=\"color: #ed1c24;\"><strong>Emcell 1209<\/strong><\/span><\/h3>\n<p style=\"text-align: center;\"><a class=\"btn btn--primary type--uppercase\" href=\"https:\/\/k2chemistry.com\/fr\/hydroxy-ethyl-cellulose\/emcell-1209\/\" rel=\"noopener noreferrer\">PLUS D'INFORMATIONS<\/a><\/p>\n<p>\r\n\t\t\t<\/div>\r\n\t\t<\/div><\/div><\/div><div class=\"wpb_column vc_column_container col-sm-4\"><div class=\"vc_column-inner\"><div class=\"wpb_wrapper\">\r\n\t\t\t<div class=\"text-center feature feature-3 boxed boxed--lg boxed--border\">\r\n\t\t\t    <span class=\"h1 h1--large\"><\/span>\r\n\t\t\t    <\/p>\n<h3><span style=\"color: #ed1c24;\"><strong><img decoding=\"async\" class=\"wp-image-4561 size-medium aligncenter\" src=\"https:\/\/k2chemistry.com\/wp-content\/uploads\/2024\/02\/emcell-1310-300x223.webp\" alt=\"\" width=\"300\" height=\"223\" srcset=\"https:\/\/k2chemistry.com\/wp-content\/uploads\/2024\/02\/emcell-1310-300x223.webp 300w, https:\/\/k2chemistry.com\/wp-content\/uploads\/2024\/02\/emcell-1310-1024x761.webp 1024w, https:\/\/k2chemistry.com\/wp-content\/uploads\/2024\/02\/emcell-1310-768x571.webp 768w, https:\/\/k2chemistry.com\/wp-content\/uploads\/2024\/02\/emcell-1310-16x12.webp 16w, https:\/\/k2chemistry.com\/wp-content\/uploads\/2024\/02\/emcell-1310-600x446.webp 600w, https:\/\/k2chemistry.com\/wp-content\/uploads\/2024\/02\/emcell-1310.webp 1200w\" sizes=\"(max-width: 300px) 100vw, 300px\" \/><\/strong><\/span><\/h3>\n<h3><span style=\"color: #ed1c24;\"><strong>Emcell 1310<\/strong><\/span><\/h3>\n<p style=\"text-align: center;\"><a class=\"btn btn--primary type--uppercase\" href=\"https:\/\/k2chemistry.com\/fr\/emcell-1310\/\" rel=\"noopener noreferrer\">PLUS D'INFORMATIONS<\/a><\/p>\n<p>\r\n\t\t\t<\/div>\r\n\t\t<\/div><\/div><\/div><\/div><\/div><div class=\"container\"><div class=\"vc_row wpb_row vc_row-fluid vc_custom_1544792700612\"><div class=\"wpb_column vc_column_container col-sm-12\"><div class=\"vc_column-inner\"><div class=\"wpb_wrapper\"><div class=\"vc_empty_space\"   style=\"height: 32px\" ><span class=\"vc_empty_space_inner\"><\/span><\/div>\r\n<\/div><\/div><\/div><\/div><\/div><\/section>","protected":false},"excerpt":{"rendered":"Hydroxyethyl Cellulose (HEC) Hydroxyethyl Cellulose (HEC) is a nonionic cellulose derivative that dissolves in both cold and hot water. It is used...","protected":false},"author":1,"featured_media":0,"parent":0,"menu_order":0,"comment_status":"closed","ping_status":"closed","template":"","meta":{"footnotes":""},"_links":{"self":[{"href":"https:\/\/k2chemistry.com\/fr\/wp-json\/wp\/v2\/pages\/3465"}],"collection":[{"href":"https:\/\/k2chemistry.com\/fr\/wp-json\/wp\/v2\/pages"}],"about":[{"href":"https:\/\/k2chemistry.com\/fr\/wp-json\/wp\/v2\/types\/page"}],"author":[{"embeddable":true,"href":"https:\/\/k2chemistry.com\/fr\/wp-json\/wp\/v2\/users\/1"}],"replies":[{"embeddable":true,"href":"https:\/\/k2chemistry.com\/fr\/wp-json\/wp\/v2\/comments?post=3465"}],"version-history":[{"count":20,"href":"https:\/\/k2chemistry.com\/fr\/wp-json\/wp\/v2\/pages\/3465\/revisions"}],"predecessor-version":[{"id":4758,"href":"https:\/\/k2chemistry.com\/fr\/wp-json\/wp\/v2\/pages\/3465\/revisions\/4758"}],"wp:attachment":[{"href":"https:\/\/k2chemistry.com\/fr\/wp-json\/wp\/v2\/media?parent=3465"}],"curies":[{"name":"wp","href":"https:\/\/api.w.org\/{rel}","templated":true}]}}