{"id":35,"date":"2017-01-31T00:26:29","date_gmt":"2017-01-31T00:26:29","guid":{"rendered":"http:\/\/tommustester.wpengine.com\/?page_id=35"},"modified":"2022-08-28T22:44:12","modified_gmt":"2022-08-28T22:44:12","slug":"about-us","status":"publish","type":"page","link":"https:\/\/k2chemistry.com\/fr\/about-us\/","title":{"rendered":"\u00c0 propos de nous"},"content":{"rendered":"<section class=\"imagebg image--light cover cover-blocks bg--secondary\" >\r\n\t\t\t\t<div class=\"background-image-holder\"><img fetchpriority=\"high\" decoding=\"async\" width=\"1920\" height=\"1080\" src=\"https:\/\/k2chemistry.com\/wp-content\/uploads\/2018\/12\/IMG_410667.jpg\" class=\"attachment-full size-full\" alt=\"\" srcset=\"https:\/\/k2chemistry.com\/wp-content\/uploads\/2018\/12\/IMG_410667.jpg 1920w, https:\/\/k2chemistry.com\/wp-content\/uploads\/2018\/12\/IMG_410667-300x169.jpg 300w, https:\/\/k2chemistry.com\/wp-content\/uploads\/2018\/12\/IMG_410667-768x432.jpg 768w, https:\/\/k2chemistry.com\/wp-content\/uploads\/2018\/12\/IMG_410667-1024x576.jpg 1024w\" sizes=\"(max-width: 1920px) 100vw, 1920px\" \/><\/div>\r\n\t\t\t\t<div class=\"container\">\r\n\t\t\t\t\t<div class=\"row\">\r\n\t\t\t\t\t\t<div class=\"col-sm-6 col-md-5\">\r\n\t\t\t\t\t\t\t<div><div class=\"vc_empty_space\"   style=\"height: 25px\" ><span class=\"vc_empty_space_inner\"><\/span><\/div>\r\n\r\n\t<div class=\"wpb_text_column wpb_content_element\" >\r\n\t\t<div class=\"wpb_wrapper\">\r\n\t\t\t<h1><span style=\"color: #ffffff;\"><strong>\u00c0 propos de nous<\/strong><\/span><\/h1>\n<h3><strong><span style=\"color: #ffffff;\">K2C International Trade Limited<\/span><\/strong><\/h3>\n\r\n\t\t<\/div>\r\n\t<\/div>\r\n<div class=\"vc_empty_space\"   style=\"height: 25px\" ><span class=\"vc_empty_space_inner\"><\/span><\/div>\r\n<\/div>\r\n\t\t\t\t\t\t<\/div>\r\n\t\t\t\t\t<\/div><!--end of row-->\r\n\t\t\t\t<\/div><!--end of container-->\r\n\t\t\t\t\r\n\t\t\t<\/section>\r\n\t\t<div class=\"vc_row-full-width vc_clearfix\"><\/div><div class=\"container\"><div class=\"vc_row wpb_row vc_row-fluid\"><div class=\"wpb_column vc_column_container col-sm-12\"><div class=\"vc_column-inner\"><div class=\"wpb_wrapper\"><div class=\"vc_empty_space\"   style=\"height: 45px\" ><span class=\"vc_empty_space_inner\"><\/span><\/div>\r\n<\/div><\/div><\/div><\/div><\/div><section class=\"vc_custom_1498221004278\" ><div class=\"container\"><div class=\"vc_row wpb_row vc_row-fluid\"><div class=\"wpb_column vc_column_container col-sm-10\"><div class=\"vc_column-inner\"><div class=\"wpb_wrapper\">\r\n\t<div class=\"wpb_text_column wpb_content_element\" >\r\n\t\t<div class=\"wpb_wrapper\">\r\n\t\t\t<p style=\"text-align: justify;\">K2C started its activities\u00a0 long years ago with the motto of \u201cDon\u2019t just satisfy your customer but delight them\u201d. For this purpose, K2C performs operations meticulously around the world with its experiences in sector. K2C provides local services with its agents in different countries.<\/p>\n<p>Pour un support durable et efficace, K2C d\u00e9veloppe les produits les plus pr\u00e9cis, innovants et de haute qualit\u00e9 avec la coop\u00e9ration des fournisseurs et des partenaires de solutions. Afin d\u2019assurer la prestation de ces services \u00e0 temps, K2C m\u00e8ne ses activit\u00e9s de R&amp;D. De plus, les produits peuvent \u00e9galement \u00eatre modifi\u00e9s en fonction des besoins sp\u00e9cifiques des clients et des exigences locales.<\/p>\n<p>K2C sees its customers as its business partners. K2C seeks the best customer experience from initial meeting to delivery of the product. With these values, K2C associates the demands of its clients and its own know-how knowledge to provide the best solutions via its experienced staff for many years.<\/p>\n<p>Outre les activit\u00e9s de vente de produits chimiques de construction, K2C offre \u00e9galement des services de consultation et d\u2019entrepreneur pour la formation de formules de compos\u00e9s chimiques et les services de laboratoire et l\u2019\u00e9tablissement de l\u2019usine complet. K2C vise toujours \u00e0 d\u00e9velopper des produits et des services ax\u00e9s sur le client \u00e0 ses clients avec des relations durables, fiables et solides.<\/p>\n<p>Outre les activit\u00e9s de vente de produits chimiques de construction, K2C offre \u00e9galement des services de consultation et d\u2019entrepreneur pour la formation de formules de compos\u00e9s chimiques et les services de laboratoire et l\u2019\u00e9tablissement de l\u2019usine complet. K2C vise toujours \u00e0 d\u00e9velopper des produits et des services ax\u00e9s sur le client \u00e0 ses clients avec des relations durables, fiables et solides.<\/p>\n<h3 style=\"font-family: retro!important; font-size: 60px;\"><em><strong>\u201cLa paix int\u00e9rieure des b\u00e2timents\u201d<\/strong><\/em><\/h3>\n<p><a class=\"btn btn--primary type--uppercase\" href=\"https:\/\/k2chemistry.com\/fr\/contact-us\/\">CONTACTEZ-NOUS<\/a><\/p>\n\r\n\t\t<\/div>\r\n\t<\/div>\r\n<\/div><\/div><\/div><div class=\"wpb_column vc_column_container col-sm-2\"><div class=\"vc_column-inner\"><div class=\"wpb_wrapper\"><\/div><\/div><\/div><\/div><\/div><\/section>","protected":false},"excerpt":{"rendered":"About Us K2C International Trade Limited K2C started its activities\u00a0 long years ago with the motto of \u201cDon\u2019t just satisfy your customer...","protected":false},"author":1,"featured_media":0,"parent":0,"menu_order":0,"comment_status":"closed","ping_status":"closed","template":"","meta":{"footnotes":""},"_links":{"self":[{"href":"https:\/\/k2chemistry.com\/fr\/wp-json\/wp\/v2\/pages\/35"}],"collection":[{"href":"https:\/\/k2chemistry.com\/fr\/wp-json\/wp\/v2\/pages"}],"about":[{"href":"https:\/\/k2chemistry.com\/fr\/wp-json\/wp\/v2\/types\/page"}],"author":[{"embeddable":true,"href":"https:\/\/k2chemistry.com\/fr\/wp-json\/wp\/v2\/users\/1"}],"replies":[{"embeddable":true,"href":"https:\/\/k2chemistry.com\/fr\/wp-json\/wp\/v2\/comments?post=35"}],"version-history":[{"count":13,"href":"https:\/\/k2chemistry.com\/fr\/wp-json\/wp\/v2\/pages\/35\/revisions"}],"predecessor-version":[{"id":4070,"href":"https:\/\/k2chemistry.com\/fr\/wp-json\/wp\/v2\/pages\/35\/revisions\/4070"}],"wp:attachment":[{"href":"https:\/\/k2chemistry.com\/fr\/wp-json\/wp\/v2\/media?parent=35"}],"curies":[{"name":"wp","href":"https:\/\/api.w.org\/{rel}","templated":true}]}}