{"id":496,"date":"2017-02-01T23:15:50","date_gmt":"2017-02-01T23:15:50","guid":{"rendered":"http:\/\/tommustester.wpengine.com\/?page_id=496"},"modified":"2022-09-08T20:35:25","modified_gmt":"2022-09-08T20:35:25","slug":"our-services","status":"publish","type":"page","link":"https:\/\/k2chemistry.com\/fr\/our-services\/","title":{"rendered":"Our services"},"content":{"rendered":"<section class=\"sayfa-ust vc_custom_1661250878260 vc_section-has-fill\" ><div class=\"container\"><div class=\"vc_row wpb_row vc_row-fluid vc_custom_1544792700612\"><div class=\"wpb_column vc_column_container col-sm-12\"><div class=\"vc_column-inner\"><div class=\"wpb_wrapper\"><div class=\"vc_empty_space\"   style=\"height: 15px\" ><span class=\"vc_empty_space_inner\"><\/span><\/div>\r\n\r\n\t<div class=\"wpb_text_column wpb_content_element\" >\r\n\t\t<div class=\"wpb_wrapper\">\r\n\t\t\t<h1><span style=\"color: #ffffff;\"><strong>Nos Services<\/strong><\/span><\/h1>\n\r\n\t\t<\/div>\r\n\t<\/div>\r\n<\/div><\/div><\/div><\/div><\/div><\/section><div class=\"container\"><div class=\"vc_row wpb_row vc_row-fluid\"><div class=\"wpb_column vc_column_container col-sm-12\"><div class=\"vc_column-inner\"><div class=\"wpb_wrapper\"><div class=\"vc_empty_space\"   style=\"height: 60px\" ><span class=\"vc_empty_space_inner\"><\/span><\/div>\r\n<\/div><\/div><\/div><\/div><\/div><section class=\"\" ><div class=\"container\"><div class=\"vc_row wpb_row vc_row-fluid\"><div class=\"wpb_column vc_column_container col-sm-2\"><div class=\"vc_column-inner\"><div class=\"wpb_wrapper\"><\/div><\/div><\/div><div class=\"wpb_column vc_column_container col-sm-8\"><div class=\"vc_column-inner\"><div class=\"wpb_wrapper\">\r\n\t<div class=\"wpb_text_column wpb_content_element\" >\r\n\t\t<div class=\"wpb_wrapper\">\r\n\t\t\t<h1 style=\"text-align: center;\">Service de Consultation Complet<\/h1>\n<p class=\"lead\" style=\"text-align: center;\">Outre les activit\u00e9s de vente de produits chimiques de construction, K2C offre \u00e9galement des services de consultation et d\u2019entrepreneur pour la formation de formules de compos\u00e9s chimiques et les services de laboratoire et l\u2019\u00e9tablissement de l\u2019usine complet. K2C vise toujours \u00e0 d\u00e9velopper des produits et des services ax\u00e9s sur le client \u00e0 ses clients avec des relations durables, fiables et solides.<\/p>\n\r\n\t\t<\/div>\r\n\t<\/div>\r\n<\/div><\/div><\/div><div class=\"wpb_column vc_column_container col-sm-2\"><div class=\"vc_column-inner\"><div class=\"wpb_wrapper\"><\/div><\/div><\/div><\/div><\/div><\/section><div data-vc-full-width=\"true\" data-vc-full-width-init=\"false\" class=\"vc_row wpb_row vc_row-fluid\"><div class=\"wpb_column vc_column_container col-sm-12\"><div class=\"vc_column-inner\"><div class=\"wpb_wrapper\">\r\n\t\t\t<section class=\"bg--secondary switchable switchable--switch\">\r\n\t\t\t    <div class=\"container\">\r\n\t\t\t        <div class=\"row\">\r\n\t\t\t            <div class=\"col-sm-12\">\r\n\t\t\t                <div class=\"height-50 imagebg border--round box-shadow-wide\" data-overlay=\"3\">\r\n\t\t\t                    <div class=\"background-image-holder\"><img fetchpriority=\"high\" decoding=\"async\" width=\"1920\" height=\"928\" src=\"https:\/\/k2chemistry.com\/wp-content\/uploads\/2022\/09\/services-1-1.jpg\" class=\"attachment-full size-full\" alt=\"\" srcset=\"https:\/\/k2chemistry.com\/wp-content\/uploads\/2022\/09\/services-1-1.jpg 1920w, https:\/\/k2chemistry.com\/wp-content\/uploads\/2022\/09\/services-1-1-300x145.jpg 300w, https:\/\/k2chemistry.com\/wp-content\/uploads\/2022\/09\/services-1-1-1024x495.jpg 1024w, https:\/\/k2chemistry.com\/wp-content\/uploads\/2022\/09\/services-1-1-768x371.jpg 768w, https:\/\/k2chemistry.com\/wp-content\/uploads\/2022\/09\/services-1-1-1536x742.jpg 1536w, https:\/\/k2chemistry.com\/wp-content\/uploads\/2022\/09\/services-1-1-600x290.jpg 600w\" sizes=\"(max-width: 1920px) 100vw, 1920px\" \/><\/div>\r\n\t\t\t                    <div class=\"pos-vertical-center col-sm-6 boxed boxed--lg bg--none\">\r\n\t\t\t                        \r\n\t<div class=\"wpb_text_column wpb_content_element\" >\r\n\t\t<div class=\"wpb_wrapper\">\r\n\t\t\t<h1><strong>Etablissement de l\u2019usine complet<\/strong><\/h1>\n\r\n\t\t<\/div>\r\n\t<\/div>\r\n\r\n\t\t\t                    <\/div>\r\n\t\t\t                <\/div>\r\n\t\t\t            <\/div>\r\n\t\t\t        <\/div><!--end of row-->\r\n\t\t\t    <\/div><!--end of container-->\r\n\t\t\t<\/section>\r\n\t\t\r\n\t\t\t<section class=\"bg--secondary switchable switchable--switch\">\r\n\t\t\t    <div class=\"container\">\r\n\t\t\t        <div class=\"row\">\r\n\t\t\t            <div class=\"col-sm-12\">\r\n\t\t\t                <div class=\"height-50 imagebg border--round box-shadow-wide\" data-overlay=\"3\">\r\n\t\t\t                    <div class=\"background-image-holder\"><img decoding=\"async\" width=\"1920\" height=\"928\" src=\"https:\/\/k2chemistry.com\/wp-content\/uploads\/2022\/08\/services-2.jpg\" class=\"attachment-full size-full\" alt=\"\" srcset=\"https:\/\/k2chemistry.com\/wp-content\/uploads\/2022\/08\/services-2.jpg 1920w, https:\/\/k2chemistry.com\/wp-content\/uploads\/2022\/08\/services-2-300x145.jpg 300w, https:\/\/k2chemistry.com\/wp-content\/uploads\/2022\/08\/services-2-1024x495.jpg 1024w, https:\/\/k2chemistry.com\/wp-content\/uploads\/2022\/08\/services-2-768x371.jpg 768w, https:\/\/k2chemistry.com\/wp-content\/uploads\/2022\/08\/services-2-1536x742.jpg 1536w, https:\/\/k2chemistry.com\/wp-content\/uploads\/2022\/08\/services-2-600x290.jpg 600w\" sizes=\"(max-width: 1920px) 100vw, 1920px\" \/><\/div>\r\n\t\t\t                    <div class=\"pos-vertical-center col-sm-6 boxed boxed--lg bg--none\">\r\n\t\t\t                        \r\n\t<div class=\"wpb_text_column wpb_content_element\" >\r\n\t\t<div class=\"wpb_wrapper\">\r\n\t\t\t<h1><strong>Formation de formules de compos\u00e9s chimiques<\/strong><\/h1>\n\r\n\t\t<\/div>\r\n\t<\/div>\r\n\r\n\t\t\t                    <\/div>\r\n\t\t\t                <\/div>\r\n\t\t\t            <\/div>\r\n\t\t\t        <\/div><!--end of row-->\r\n\t\t\t    <\/div><!--end of container-->\r\n\t\t\t<\/section>\r\n\t\t\r\n\t\t\t<section class=\"bg--secondary switchable switchable--switch\">\r\n\t\t\t    <div class=\"container\">\r\n\t\t\t        <div class=\"row\">\r\n\t\t\t            <div class=\"col-sm-12\">\r\n\t\t\t                <div class=\"height-50 imagebg border--round box-shadow-wide\" data-overlay=\"3\">\r\n\t\t\t                    <div class=\"background-image-holder\"><img decoding=\"async\" width=\"1920\" height=\"928\" src=\"https:\/\/k2chemistry.com\/wp-content\/uploads\/2022\/08\/services-3.jpg\" class=\"attachment-full size-full\" alt=\"\" srcset=\"https:\/\/k2chemistry.com\/wp-content\/uploads\/2022\/08\/services-3.jpg 1920w, https:\/\/k2chemistry.com\/wp-content\/uploads\/2022\/08\/services-3-300x145.jpg 300w, https:\/\/k2chemistry.com\/wp-content\/uploads\/2022\/08\/services-3-1024x495.jpg 1024w, https:\/\/k2chemistry.com\/wp-content\/uploads\/2022\/08\/services-3-768x371.jpg 768w, https:\/\/k2chemistry.com\/wp-content\/uploads\/2022\/08\/services-3-1536x742.jpg 1536w, https:\/\/k2chemistry.com\/wp-content\/uploads\/2022\/08\/services-3-600x290.jpg 600w\" sizes=\"(max-width: 1920px) 100vw, 1920px\" \/><\/div>\r\n\t\t\t                    <div class=\"pos-vertical-center col-sm-6 boxed boxed--lg bg--none\">\r\n\t\t\t                        \r\n\t<div class=\"wpb_text_column wpb_content_element\" >\r\n\t\t<div class=\"wpb_wrapper\">\r\n\t\t\t<h1><strong>Services de laboratoire<\/strong><\/h1>\n\r\n\t\t<\/div>\r\n\t<\/div>\r\n\r\n\t\t\t                    <\/div>\r\n\t\t\t                <\/div>\r\n\t\t\t            <\/div>\r\n\t\t\t        <\/div><!--end of row-->\r\n\t\t\t    <\/div><!--end of container-->\r\n\t\t\t<\/section>\r\n\t\t<\/div><\/div><\/div><\/div><div class=\"vc_row-full-width vc_clearfix\"><\/div><div class=\"container\"><div class=\"vc_row wpb_row vc_row-fluid\"><div class=\"wpb_column vc_column_container col-sm-12\"><div class=\"vc_column-inner\"><div class=\"wpb_wrapper\"><div class=\"vc_empty_space\"   style=\"height: 70px\" ><span class=\"vc_empty_space_inner\"><\/span><\/div>\r\n<\/div><\/div><\/div><\/div><\/div>","protected":false},"excerpt":{"rendered":"Our Services Full-Service Consultation Besides the sale activities of construction chemicals, K2C also offers consultation and contractor services for full plant establishment,...","protected":false},"author":1,"featured_media":0,"parent":0,"menu_order":0,"comment_status":"closed","ping_status":"closed","template":"","meta":{"footnotes":""},"_links":{"self":[{"href":"https:\/\/k2chemistry.com\/fr\/wp-json\/wp\/v2\/pages\/496"}],"collection":[{"href":"https:\/\/k2chemistry.com\/fr\/wp-json\/wp\/v2\/pages"}],"about":[{"href":"https:\/\/k2chemistry.com\/fr\/wp-json\/wp\/v2\/types\/page"}],"author":[{"embeddable":true,"href":"https:\/\/k2chemistry.com\/fr\/wp-json\/wp\/v2\/users\/1"}],"replies":[{"embeddable":true,"href":"https:\/\/k2chemistry.com\/fr\/wp-json\/wp\/v2\/comments?post=496"}],"version-history":[{"count":10,"href":"https:\/\/k2chemistry.com\/fr\/wp-json\/wp\/v2\/pages\/496\/revisions"}],"predecessor-version":[{"id":4141,"href":"https:\/\/k2chemistry.com\/fr\/wp-json\/wp\/v2\/pages\/496\/revisions\/4141"}],"wp:attachment":[{"href":"https:\/\/k2chemistry.com\/fr\/wp-json\/wp\/v2\/media?parent=496"}],"curies":[{"name":"wp","href":"https:\/\/api.w.org\/{rel}","templated":true}]}}